{"id":99,"date":"2019-05-02T15:41:22","date_gmt":"2019-05-02T15:41:22","guid":{"rendered":"http:\/\/palsadiso.de\/?page_id=99"},"modified":"2019-12-29T11:15:53","modified_gmt":"2019-12-29T11:15:53","slug":"barcelona","status":"publish","type":"page","link":"http:\/\/palsadiso.de\/?page_id=99","title":{"rendered":"Barcelona"},"content":{"rendered":"\n<p>Die faszinierende Metropole kann man bei jedem Besuch neu entdecken.  Am Hafen entlang schlendern, die Ramblas hinauf und hinunter flanieren.<br>Kultur, Shoppen, Essen, Genie\u00dfen&#8230;<br>Eine sch\u00f6ne Aussicht hat man vom Montjuic \u00fcber Hafen und Stadt. F\u00fcr Schwindelfreie  bietet sich eine Fahrt in der Seilbahn \u00fcber den Hafen an. <br><br>Unz\u00e4hlige weitere Sehensw\u00fcrdigkeiten wollen entdeckt werden:<br>die weltber\u00fchmte Sagrada Familia, der quirlige und farbenfrohe Markt &#8222;La  Boqueria&#8220; an den Ramblas, die Kathedrale in der Altstadt, die Placa de  Catalunya, die Placa Espana, das ungew\u00f6hnliche &#8222;Casa Mila&#8220;, der Parc  Guell, das riesige Aquarium am Hafen, das Stadion &#8222;Camp Nou&#8220; des FC Barcelona (auch ohne Spiel t\u00e4glich f\u00fcr Besucher ge\u00f6ffnet) und und und&#8230;<\/p>\n\n\n\n<p>Tipp: Tickets f\u00fcr viele Attraktionen k\u00f6nnen ganz offiziell vorab online gekauft werden. Das erspart lange Wartezeiten am Eingang und ist an einigen Orten (Sagrada Familia, Parc Guell) auch die einzige M\u00f6glichkeit, \u00fcberhaupt Einlass zu erhalten, da nur begrenzte Ticketkapazit\u00e4ten zur Verf\u00fcgung stehen.  <\/p>\n\n\n\n<p>Parken kann man hervorragend im Parkhaus direkt am Hafen. Von  hier aus sind es nur wenige Minuten zum Aquarium, zu den Ramblas oder zur n\u00e4chsten U-Bahn-Station.<br><\/p>\n\n\n\n<figure class=\"wp-block-image\"><img decoding=\"async\" loading=\"lazy\" width=\"1024\" height=\"687\" src=\"http:\/\/palsadiso.de\/wp-content\/uploads\/2019\/12\/DSC_1460-1-1024x687.jpg\" alt=\"\" class=\"wp-image-447\" srcset=\"http:\/\/palsadiso.de\/wp-content\/uploads\/2019\/12\/DSC_1460-1-1024x687.jpg 1024w, http:\/\/palsadiso.de\/wp-content\/uploads\/2019\/12\/DSC_1460-1-300x201.jpg 300w, http:\/\/palsadiso.de\/wp-content\/uploads\/2019\/12\/DSC_1460-1-768x516.jpg 768w, http:\/\/palsadiso.de\/wp-content\/uploads\/2019\/12\/DSC_1460-1-1140x765.jpg 1140w\" sizes=\"(max-width: 1024px) 100vw, 1024px\" \/><\/figure>\n\n\n\n<figure class=\"wp-block-image\"><img decoding=\"async\" loading=\"lazy\" width=\"1024\" height=\"687\" src=\"http:\/\/palsadiso.de\/wp-content\/uploads\/2019\/12\/DSC_1405-2-1024x687.jpg\" alt=\"\" class=\"wp-image-449\" srcset=\"http:\/\/palsadiso.de\/wp-content\/uploads\/2019\/12\/DSC_1405-2-1024x687.jpg 1024w, http:\/\/palsadiso.de\/wp-content\/uploads\/2019\/12\/DSC_1405-2-300x201.jpg 300w, http:\/\/palsadiso.de\/wp-content\/uploads\/2019\/12\/DSC_1405-2-768x516.jpg 768w, http:\/\/palsadiso.de\/wp-content\/uploads\/2019\/12\/DSC_1405-2-1140x765.jpg 1140w\" sizes=\"(max-width: 1024px) 100vw, 1024px\" \/><\/figure>\n\n\n\n<figure class=\"wp-block-image\"><img decoding=\"async\" loading=\"lazy\" width=\"1024\" height=\"687\" src=\"http:\/\/palsadiso.de\/wp-content\/uploads\/2019\/12\/DSC_1407-1024x687.jpg\" alt=\"\" class=\"wp-image-232\" srcset=\"http:\/\/palsadiso.de\/wp-content\/uploads\/2019\/12\/DSC_1407-1024x687.jpg 1024w, http:\/\/palsadiso.de\/wp-content\/uploads\/2019\/12\/DSC_1407-300x201.jpg 300w, http:\/\/palsadiso.de\/wp-content\/uploads\/2019\/12\/DSC_1407-768x516.jpg 768w, http:\/\/palsadiso.de\/wp-content\/uploads\/2019\/12\/DSC_1407-1140x765.jpg 1140w\" sizes=\"(max-width: 1024px) 100vw, 1024px\" \/><\/figure>\n\n\n\n<figure class=\"wp-block-image\"><img decoding=\"async\" loading=\"lazy\" width=\"1024\" height=\"687\" src=\"http:\/\/palsadiso.de\/wp-content\/uploads\/2019\/12\/DSC_1429-1024x687.jpg\" alt=\"\" class=\"wp-image-450\" srcset=\"http:\/\/palsadiso.de\/wp-content\/uploads\/2019\/12\/DSC_1429-1024x687.jpg 1024w, http:\/\/palsadiso.de\/wp-content\/uploads\/2019\/12\/DSC_1429-300x201.jpg 300w, http:\/\/palsadiso.de\/wp-content\/uploads\/2019\/12\/DSC_1429-768x516.jpg 768w, http:\/\/palsadiso.de\/wp-content\/uploads\/2019\/12\/DSC_1429-1140x765.jpg 1140w\" sizes=\"(max-width: 1024px) 100vw, 1024px\" \/><\/figure>\n\n\n\n<figure class=\"wp-block-image\"><img decoding=\"async\" loading=\"lazy\" width=\"1024\" height=\"687\" src=\"http:\/\/palsadiso.de\/wp-content\/uploads\/2019\/12\/DSC_1457-1024x687.jpg\" alt=\"\" class=\"wp-image-236\" srcset=\"http:\/\/palsadiso.de\/wp-content\/uploads\/2019\/12\/DSC_1457-1024x687.jpg 1024w, http:\/\/palsadiso.de\/wp-content\/uploads\/2019\/12\/DSC_1457-300x201.jpg 300w, http:\/\/palsadiso.de\/wp-content\/uploads\/2019\/12\/DSC_1457-768x516.jpg 768w, http:\/\/palsadiso.de\/wp-content\/uploads\/2019\/12\/DSC_1457-1140x765.jpg 1140w\" sizes=\"(max-width: 1024px) 100vw, 1024px\" \/><\/figure>\n\n\n\n<figure class=\"wp-block-image is-resized\"><img decoding=\"async\" loading=\"lazy\" src=\"http:\/\/palsadiso.de\/wp-content\/uploads\/2019\/12\/DSC_3770-683x1024.jpg\" alt=\"\" class=\"wp-image-228\" width=\"512\" height=\"768\" srcset=\"http:\/\/palsadiso.de\/wp-content\/uploads\/2019\/12\/DSC_3770-683x1024.jpg 683w, http:\/\/palsadiso.de\/wp-content\/uploads\/2019\/12\/DSC_3770-200x300.jpg 200w, http:\/\/palsadiso.de\/wp-content\/uploads\/2019\/12\/DSC_3770-768x1152.jpg 768w, http:\/\/palsadiso.de\/wp-content\/uploads\/2019\/12\/DSC_3770-1140x1710.jpg 1140w\" sizes=\"(max-width: 512px) 100vw, 512px\" \/><figcaption>Sagrada Familia<\/figcaption><\/figure>\n\n\n\n<figure class=\"wp-block-image is-resized\"><img decoding=\"async\" loading=\"lazy\" src=\"http:\/\/palsadiso.de\/wp-content\/uploads\/2019\/12\/DSC_3787-683x1024.jpg\" alt=\"\" class=\"wp-image-443\" width=\"512\" height=\"768\" srcset=\"http:\/\/palsadiso.de\/wp-content\/uploads\/2019\/12\/DSC_3787-683x1024.jpg 683w, http:\/\/palsadiso.de\/wp-content\/uploads\/2019\/12\/DSC_3787-200x300.jpg 200w, http:\/\/palsadiso.de\/wp-content\/uploads\/2019\/12\/DSC_3787-768x1152.jpg 768w, http:\/\/palsadiso.de\/wp-content\/uploads\/2019\/12\/DSC_3787-1140x1710.jpg 1140w\" sizes=\"(max-width: 512px) 100vw, 512px\" \/><\/figure>\n\n\n\n<figure class=\"wp-block-image is-resized\"><img decoding=\"async\" loading=\"lazy\" src=\"http:\/\/palsadiso.de\/wp-content\/uploads\/2019\/12\/DSC_1034-1-687x1024.jpg\" alt=\"\" class=\"wp-image-259\" width=\"515\" height=\"768\" srcset=\"http:\/\/palsadiso.de\/wp-content\/uploads\/2019\/12\/DSC_1034-1-687x1024.jpg 687w, http:\/\/palsadiso.de\/wp-content\/uploads\/2019\/12\/DSC_1034-1-201x300.jpg 201w, http:\/\/palsadiso.de\/wp-content\/uploads\/2019\/12\/DSC_1034-1-768x1144.jpg 768w, http:\/\/palsadiso.de\/wp-content\/uploads\/2019\/12\/DSC_1034-1-1140x1698.jpg 1140w, http:\/\/palsadiso.de\/wp-content\/uploads\/2019\/12\/DSC_1034-1.jpg 1944w\" sizes=\"(max-width: 515px) 100vw, 515px\" \/><figcaption>Parc Guell<\/figcaption><\/figure>\n\n\n\n<figure class=\"wp-block-image\"><img decoding=\"async\" loading=\"lazy\" width=\"1024\" height=\"687\" src=\"http:\/\/palsadiso.de\/wp-content\/uploads\/2019\/12\/DSC_1991-1-1024x687.jpg\" alt=\"\" class=\"wp-image-260\" srcset=\"http:\/\/palsadiso.de\/wp-content\/uploads\/2019\/12\/DSC_1991-1-1024x687.jpg 1024w, http:\/\/palsadiso.de\/wp-content\/uploads\/2019\/12\/DSC_1991-1-300x201.jpg 300w, http:\/\/palsadiso.de\/wp-content\/uploads\/2019\/12\/DSC_1991-1-768x516.jpg 768w, http:\/\/palsadiso.de\/wp-content\/uploads\/2019\/12\/DSC_1991-1-1140x765.jpg 1140w\" sizes=\"(max-width: 1024px) 100vw, 1024px\" \/><\/figure>\n\n\n\n<figure class=\"wp-block-image is-resized\"><img decoding=\"async\" loading=\"lazy\" src=\"http:\/\/palsadiso.de\/wp-content\/uploads\/2019\/12\/DSC_1912-687x1024.jpg\" alt=\"\" class=\"wp-image-242\" width=\"515\" height=\"768\" srcset=\"http:\/\/palsadiso.de\/wp-content\/uploads\/2019\/12\/DSC_1912-687x1024.jpg 687w, http:\/\/palsadiso.de\/wp-content\/uploads\/2019\/12\/DSC_1912-201x300.jpg 201w, http:\/\/palsadiso.de\/wp-content\/uploads\/2019\/12\/DSC_1912-768x1144.jpg 768w, http:\/\/palsadiso.de\/wp-content\/uploads\/2019\/12\/DSC_1912-1140x1698.jpg 1140w, http:\/\/palsadiso.de\/wp-content\/uploads\/2019\/12\/DSC_1912.jpg 1944w\" sizes=\"(max-width: 515px) 100vw, 515px\" \/><\/figure>\n\n\n\n<figure class=\"wp-block-image\"><img decoding=\"async\" loading=\"lazy\" width=\"1024\" height=\"687\" src=\"http:\/\/palsadiso.de\/wp-content\/uploads\/2019\/12\/DSC_1917-1024x687.jpg\" alt=\"\" class=\"wp-image-388\" srcset=\"http:\/\/palsadiso.de\/wp-content\/uploads\/2019\/12\/DSC_1917-1024x687.jpg 1024w, http:\/\/palsadiso.de\/wp-content\/uploads\/2019\/12\/DSC_1917-300x201.jpg 300w, http:\/\/palsadiso.de\/wp-content\/uploads\/2019\/12\/DSC_1917-768x516.jpg 768w, http:\/\/palsadiso.de\/wp-content\/uploads\/2019\/12\/DSC_1917-1140x765.jpg 1140w\" sizes=\"(max-width: 1024px) 100vw, 1024px\" \/><figcaption>Las Ramblas (oben) und Markthalle &#8222;La  Boqueria&#8220; (unten)<\/figcaption><\/figure>\n\n\n\n<figure class=\"wp-block-image\"><img decoding=\"async\" loading=\"lazy\" width=\"1024\" height=\"687\" src=\"http:\/\/palsadiso.de\/wp-content\/uploads\/2019\/12\/DSC_5597-1024x687.jpg\" alt=\"\" class=\"wp-image-391\" srcset=\"http:\/\/palsadiso.de\/wp-content\/uploads\/2019\/12\/DSC_5597-1024x687.jpg 1024w, http:\/\/palsadiso.de\/wp-content\/uploads\/2019\/12\/DSC_5597-300x201.jpg 300w, http:\/\/palsadiso.de\/wp-content\/uploads\/2019\/12\/DSC_5597-768x516.jpg 768w, http:\/\/palsadiso.de\/wp-content\/uploads\/2019\/12\/DSC_5597-1140x765.jpg 1140w\" sizes=\"(max-width: 1024px) 100vw, 1024px\" \/><\/figure>\n\n\n\n<figure class=\"wp-block-image\"><img decoding=\"async\" loading=\"lazy\" width=\"1024\" height=\"768\" src=\"http:\/\/palsadiso.de\/wp-content\/uploads\/2019\/12\/P6010007-1024x768.jpg\" alt=\"\" class=\"wp-image-257\" srcset=\"http:\/\/palsadiso.de\/wp-content\/uploads\/2019\/12\/P6010007-1024x768.jpg 1024w, http:\/\/palsadiso.de\/wp-content\/uploads\/2019\/12\/P6010007-300x225.jpg 300w, http:\/\/palsadiso.de\/wp-content\/uploads\/2019\/12\/P6010007-768x576.jpg 768w, http:\/\/palsadiso.de\/wp-content\/uploads\/2019\/12\/P6010007-1140x855.jpg 1140w\" sizes=\"(max-width: 1024px) 100vw, 1024px\" \/><\/figure>\n\n\n\n<figure class=\"wp-block-image\"><img decoding=\"async\" loading=\"lazy\" width=\"1024\" height=\"683\" src=\"http:\/\/palsadiso.de\/wp-content\/uploads\/2019\/12\/DSC_3810-1024x683.jpg\" alt=\"\" class=\"wp-image-231\" srcset=\"http:\/\/palsadiso.de\/wp-content\/uploads\/2019\/12\/DSC_3810-1024x683.jpg 1024w, http:\/\/palsadiso.de\/wp-content\/uploads\/2019\/12\/DSC_3810-300x200.jpg 300w, http:\/\/palsadiso.de\/wp-content\/uploads\/2019\/12\/DSC_3810-768x512.jpg 768w, http:\/\/palsadiso.de\/wp-content\/uploads\/2019\/12\/DSC_3810-1140x760.jpg 1140w\" sizes=\"(max-width: 1024px) 100vw, 1024px\" \/><figcaption>Mit der Seilbahn \u00fcber den Hafen<\/figcaption><\/figure>\n\n\n\n<figure class=\"wp-block-image\"><img decoding=\"async\" loading=\"lazy\" width=\"1024\" height=\"683\" src=\"http:\/\/palsadiso.de\/wp-content\/uploads\/2019\/12\/DSC_3820-1024x683.jpg\" alt=\"\" class=\"wp-image-392\" srcset=\"http:\/\/palsadiso.de\/wp-content\/uploads\/2019\/12\/DSC_3820-1024x683.jpg 1024w, http:\/\/palsadiso.de\/wp-content\/uploads\/2019\/12\/DSC_3820-300x200.jpg 300w, http:\/\/palsadiso.de\/wp-content\/uploads\/2019\/12\/DSC_3820-768x512.jpg 768w, http:\/\/palsadiso.de\/wp-content\/uploads\/2019\/12\/DSC_3820-1140x760.jpg 1140w\" sizes=\"(max-width: 1024px) 100vw, 1024px\" \/><figcaption>Aquarium<\/figcaption><\/figure>\n\n\n\n<figure class=\"wp-block-image\"><img decoding=\"async\" loading=\"lazy\" width=\"1024\" height=\"683\" src=\"http:\/\/palsadiso.de\/wp-content\/uploads\/2019\/12\/DSC_0237-1024x683.jpg\" alt=\"\" class=\"wp-image-227\" srcset=\"http:\/\/palsadiso.de\/wp-content\/uploads\/2019\/12\/DSC_0237-1024x683.jpg 1024w, http:\/\/palsadiso.de\/wp-content\/uploads\/2019\/12\/DSC_0237-300x200.jpg 300w, http:\/\/palsadiso.de\/wp-content\/uploads\/2019\/12\/DSC_0237-768x512.jpg 768w, http:\/\/palsadiso.de\/wp-content\/uploads\/2019\/12\/DSC_0237-1140x760.jpg 1140w\" sizes=\"(max-width: 1024px) 100vw, 1024px\" \/><\/figure>\n\n\n\n<figure class=\"wp-block-image\"><img decoding=\"async\" loading=\"lazy\" width=\"1024\" height=\"683\" src=\"http:\/\/palsadiso.de\/wp-content\/uploads\/2019\/12\/DSC_2017-1-1024x683.jpg\" alt=\"\" class=\"wp-image-250\" srcset=\"http:\/\/palsadiso.de\/wp-content\/uploads\/2019\/12\/DSC_2017-1-1024x683.jpg 1024w, http:\/\/palsadiso.de\/wp-content\/uploads\/2019\/12\/DSC_2017-1-300x200.jpg 300w, http:\/\/palsadiso.de\/wp-content\/uploads\/2019\/12\/DSC_2017-1-768x512.jpg 768w, http:\/\/palsadiso.de\/wp-content\/uploads\/2019\/12\/DSC_2017-1-1140x760.jpg 1140w\" sizes=\"(max-width: 1024px) 100vw, 1024px\" \/><figcaption>Casa Mila<\/figcaption><\/figure>\n\n\n\n<figure class=\"wp-block-image\"><img decoding=\"async\" loading=\"lazy\" width=\"1024\" height=\"687\" src=\"http:\/\/palsadiso.de\/wp-content\/uploads\/2019\/12\/DSC_1439-1024x687.jpg\" alt=\"\" class=\"wp-image-446\" srcset=\"http:\/\/palsadiso.de\/wp-content\/uploads\/2019\/12\/DSC_1439-1024x687.jpg 1024w, http:\/\/palsadiso.de\/wp-content\/uploads\/2019\/12\/DSC_1439-300x201.jpg 300w, http:\/\/palsadiso.de\/wp-content\/uploads\/2019\/12\/DSC_1439-768x516.jpg 768w, http:\/\/palsadiso.de\/wp-content\/uploads\/2019\/12\/DSC_1439-1140x765.jpg 1140w\" sizes=\"(max-width: 1024px) 100vw, 1024px\" \/><\/figure>\n\n\n\n<figure class=\"wp-block-image\"><img decoding=\"async\" loading=\"lazy\" width=\"1024\" height=\"687\" src=\"http:\/\/palsadiso.de\/wp-content\/uploads\/2019\/12\/DSC_1441-1024x687.jpg\" alt=\"\" class=\"wp-image-235\" srcset=\"http:\/\/palsadiso.de\/wp-content\/uploads\/2019\/12\/DSC_1441-1024x687.jpg 1024w, http:\/\/palsadiso.de\/wp-content\/uploads\/2019\/12\/DSC_1441-300x201.jpg 300w, http:\/\/palsadiso.de\/wp-content\/uploads\/2019\/12\/DSC_1441-768x516.jpg 768w, http:\/\/palsadiso.de\/wp-content\/uploads\/2019\/12\/DSC_1441-1140x765.jpg 1140w\" sizes=\"(max-width: 1024px) 100vw, 1024px\" \/><\/figure>\n\n\n\n<figure class=\"wp-block-image is-resized\"><img decoding=\"async\" loading=\"lazy\" src=\"http:\/\/palsadiso.de\/wp-content\/uploads\/2019\/12\/P6010054-768x1024.jpg\" alt=\"\" class=\"wp-image-241\" width=\"576\" height=\"768\" srcset=\"http:\/\/palsadiso.de\/wp-content\/uploads\/2019\/12\/P6010054-768x1024.jpg 768w, http:\/\/palsadiso.de\/wp-content\/uploads\/2019\/12\/P6010054-225x300.jpg 225w, http:\/\/palsadiso.de\/wp-content\/uploads\/2019\/12\/P6010054-1140x1520.jpg 1140w\" sizes=\"(max-width: 576px) 100vw, 576px\" \/><\/figure>\n\n\n\n<figure class=\"wp-block-image is-resized\"><img decoding=\"async\" loading=\"lazy\" src=\"http:\/\/palsadiso.de\/wp-content\/uploads\/2019\/12\/IMG_7236-e1577366641803-768x1024.jpg\" alt=\"\" class=\"wp-image-338\" width=\"576\" height=\"768\" srcset=\"http:\/\/palsadiso.de\/wp-content\/uploads\/2019\/12\/IMG_7236-e1577366641803-768x1024.jpg 768w, http:\/\/palsadiso.de\/wp-content\/uploads\/2019\/12\/IMG_7236-e1577366641803-225x300.jpg 225w, http:\/\/palsadiso.de\/wp-content\/uploads\/2019\/12\/IMG_7236-e1577366641803-1140x1520.jpg 1140w\" sizes=\"(max-width: 576px) 100vw, 576px\" \/><figcaption>Kathedrale<\/figcaption><\/figure>\n\n\n\n<figure class=\"wp-block-image is-resized\"><img decoding=\"async\" loading=\"lazy\" src=\"http:\/\/palsadiso.de\/wp-content\/uploads\/2019\/12\/DSC_1187-687x1024.jpg\" alt=\"\" class=\"wp-image-238\" width=\"515\" height=\"768\" srcset=\"http:\/\/palsadiso.de\/wp-content\/uploads\/2019\/12\/DSC_1187-687x1024.jpg 687w, http:\/\/palsadiso.de\/wp-content\/uploads\/2019\/12\/DSC_1187-201x300.jpg 201w, http:\/\/palsadiso.de\/wp-content\/uploads\/2019\/12\/DSC_1187-768x1144.jpg 768w, http:\/\/palsadiso.de\/wp-content\/uploads\/2019\/12\/DSC_1187-1140x1698.jpg 1140w, http:\/\/palsadiso.de\/wp-content\/uploads\/2019\/12\/DSC_1187.jpg 1944w\" sizes=\"(max-width: 515px) 100vw, 515px\" \/><\/figure>\n\n\n\n<figure class=\"wp-block-image is-resized\"><img decoding=\"async\" loading=\"lazy\" src=\"http:\/\/palsadiso.de\/wp-content\/uploads\/2019\/12\/DSC_5586-687x1024.jpg\" alt=\"\" class=\"wp-image-239\" width=\"515\" height=\"768\" srcset=\"http:\/\/palsadiso.de\/wp-content\/uploads\/2019\/12\/DSC_5586-687x1024.jpg 687w, http:\/\/palsadiso.de\/wp-content\/uploads\/2019\/12\/DSC_5586-201x300.jpg 201w, http:\/\/palsadiso.de\/wp-content\/uploads\/2019\/12\/DSC_5586-768x1144.jpg 768w, http:\/\/palsadiso.de\/wp-content\/uploads\/2019\/12\/DSC_5586-1140x1698.jpg 1140w, http:\/\/palsadiso.de\/wp-content\/uploads\/2019\/12\/DSC_5586.jpg 1944w\" sizes=\"(max-width: 515px) 100vw, 515px\" \/><\/figure>\n\n\n\n<figure class=\"wp-block-image is-resized\"><img decoding=\"async\" loading=\"lazy\" src=\"http:\/\/palsadiso.de\/wp-content\/uploads\/2019\/12\/DSC_1517-1-683x1024.jpg\" alt=\"\" class=\"wp-image-248\" width=\"512\" height=\"768\" srcset=\"http:\/\/palsadiso.de\/wp-content\/uploads\/2019\/12\/DSC_1517-1-683x1024.jpg 683w, http:\/\/palsadiso.de\/wp-content\/uploads\/2019\/12\/DSC_1517-1-200x300.jpg 200w, http:\/\/palsadiso.de\/wp-content\/uploads\/2019\/12\/DSC_1517-1-768x1152.jpg 768w, http:\/\/palsadiso.de\/wp-content\/uploads\/2019\/12\/DSC_1517-1-1140x1710.jpg 1140w\" sizes=\"(max-width: 512px) 100vw, 512px\" \/><\/figure>\n","protected":false},"excerpt":{"rendered":"<p>Die faszinierende Metropole kann man bei jedem Besuch neu entdecken. Am Hafen entlang schlendern, die Ramblas hinauf und hinunter flanieren.Kultur, Shoppen, Essen, Genie\u00dfen&#8230;Eine sch\u00f6ne Aussicht hat man vom Montjuic \u00fcber Hafen und Stadt. F\u00fcr Schwindelfreie bietet sich eine Fahrt in der Seilbahn \u00fcber den Hafen an. Unz\u00e4hlige weitere Sehensw\u00fcrdigkeiten wollen entdeckt werden:die weltber\u00fchmte Sagrada Familia, der quirlige und farbenfrohe Markt &#8222;La Boqueria&#8220; an den Ramblas, die Kathedrale in der Altstadt, die Placa de Catalunya, die Placa Espana, das ungew\u00f6hnliche &#8222;Casa Mila&#8220;, der Parc Guell, das riesige Aquarium am Hafen, das Stadion &#8222;Camp Nou&#8220; des FC Barcelona (auch ohne Spiel t\u00e4glich f\u00fcr Besucher ge\u00f6ffnet) und und und&#8230; Tipp: Tickets f\u00fcr viele Attraktionen k\u00f6nnen ganz offiziell vorab online gekauft werden. Das erspart lange Wartezeiten am Eingang und ist an einigen Orten (Sagrada Familia, Parc Guell) auch die einzige M\u00f6glichkeit, \u00fcberhaupt Einlass zu erhalten, da nur begrenzte Ticketkapazit\u00e4ten zur Verf\u00fcgung stehen. Parken kann man hervorragend im Parkhaus direkt am Hafen. Von hier aus sind es nur wenige Minuten zum Aquarium, zu den Ramblas oder zur n\u00e4chsten U-Bahn-Station.<\/p>\n","protected":false},"author":1,"featured_media":0,"parent":0,"menu_order":0,"comment_status":"closed","ping_status":"closed","template":"","meta":[],"_links":{"self":[{"href":"http:\/\/palsadiso.de\/index.php?rest_route=\/wp\/v2\/pages\/99"}],"collection":[{"href":"http:\/\/palsadiso.de\/index.php?rest_route=\/wp\/v2\/pages"}],"about":[{"href":"http:\/\/palsadiso.de\/index.php?rest_route=\/wp\/v2\/types\/page"}],"author":[{"embeddable":true,"href":"http:\/\/palsadiso.de\/index.php?rest_route=\/wp\/v2\/users\/1"}],"replies":[{"embeddable":true,"href":"http:\/\/palsadiso.de\/index.php?rest_route=%2Fwp%2Fv2%2Fcomments&post=99"}],"version-history":[{"count":18,"href":"http:\/\/palsadiso.de\/index.php?rest_route=\/wp\/v2\/pages\/99\/revisions"}],"predecessor-version":[{"id":452,"href":"http:\/\/palsadiso.de\/index.php?rest_route=\/wp\/v2\/pages\/99\/revisions\/452"}],"wp:attachment":[{"href":"http:\/\/palsadiso.de\/index.php?rest_route=%2Fwp%2Fv2%2Fmedia&parent=99"}],"curies":[{"name":"wp","href":"https:\/\/api.w.org\/{rel}","templated":true}]}}