{"id":4,"date":"2019-05-02T14:37:30","date_gmt":"2019-05-02T14:37:30","guid":{"rendered":"http:\/\/palsadiso.de\/?page_id=4"},"modified":"2024-10-19T15:38:12","modified_gmt":"2024-10-19T15:38:12","slug":"palsadiso-ferienhaus-in-pals-costa-brava-spanien","status":"publish","type":"page","link":"https:\/\/palsadiso.de\/","title":{"rendered":"Palsadiso"},"content":{"rendered":"\n<figure class=\"wp-block-image\"><img decoding=\"async\" loading=\"lazy\" width=\"1024\" height=\"683\" src=\"http:\/\/palsadiso.de\/wp-content\/uploads\/2019\/12\/DSC_3242-1024x683.jpg\" alt=\"\" class=\"wp-image-295\" srcset=\"https:\/\/palsadiso.de\/wp-content\/uploads\/2019\/12\/DSC_3242-1024x683.jpg 1024w, https:\/\/palsadiso.de\/wp-content\/uploads\/2019\/12\/DSC_3242-300x200.jpg 300w, https:\/\/palsadiso.de\/wp-content\/uploads\/2019\/12\/DSC_3242-768x512.jpg 768w, https:\/\/palsadiso.de\/wp-content\/uploads\/2019\/12\/DSC_3242-1140x760.jpg 1140w\" sizes=\"(max-width: 1024px) 100vw, 1024px\" \/><\/figure>\n\n\n\n<p><br>Willkommen im &#8222;Palsadiso&#8220;\u00a0\u00a0\u00a0\u00a0\u00a0\u00a0\u00a0\u00a0\u00a0\u00a0\u00a0\u00a0\u00a0\u00a0\u00a0\u00a0\u00a0\u00a0\u00a0\u00a0\u00a0\u00a0\u00a0\u00a0\u00a0\u00a0\u00a0\u00a0\u00a0\u00a0\u00a0\u00a0\u00a0\u00a0\u00a0\u00a0\u00a0\u00a0\u00a0\u00a0\u00a0\u00a0\u00a0\u00a0\u00a0\u00a0\u00a0\u00a0\u00a0\u00a0\u00a0\u00a0\u00a0\u00a0\u00a0\u00a0\u00a0\u00a0\u00a0\u00a0\u00a0\u00a0\u00a0\u00a0\u00a0\u00a0\u00a0\u00a0\u00a0\u00a0\u00a0\u00a0\u00a0\u00a0\u00a0\u00a0\u00a0\u00a0\u00a0\u00a0\u00a0\u00a0\u00a0\u00a0\u00a0\u00a0\u00a0\u00a0\u00a0\u00a0\u00a0\u00a0\u00a0\u00a0\u00a0\u00a0\u00a0 <br> <br>Unser Ferienhaus befindet sich in Pals (Mas Tomasi) an der Costa Brava &#8211; der &#8222;wilden K\u00fcste&#8220; Spaniens, ca.  950 km von der deutsch-schweizerischen Grenze entfernt. Es verf\u00fcgt \u00fcber Wohnzimmer, Esszimmer, K\u00fcche, zwei Schlafzimmer, ein Bad  und einen Wintergarten.<\/p>\n\n\n\n<p>Der Pool mit integrierter Treppe ist von Terrassen umgeben. Zum Haus geh\u00f6rt eine Garage, an k\u00e4lteren Tagen sorgt die Zentralheizung f\u00fcr W\u00e4rme. Und f\u00fcr hei\u00dfe Tage gibt es eine Klimaanlage.<br>Das Grundst\u00fcck mit einer Gr\u00f6\u00dfe von 1100 m\u00b2 ist komplett umz\u00e4unt.<\/p>\n\n\n\n<p>Zum breiten, langen Sandstrand sind es ca. 3 km, Parkm\u00f6glichkeiten&nbsp;sind direkt am Strand vorhanden. Ein Supermarkt f\u00fcr den t\u00e4glichen Bedarf (frische Br\u00f6tchen, Milch,  Fleisch, Zeitschriften und Zeitungen, Wein&#8230;.) ist ca. 500 m vom Haus  entfernt.<\/p>\n\n\n\n<p>Die Umgebung bietet vielerlei Aktivit\u00e4ten: <br>Golf (mehrere Golfpl\u00e4tze  in der Umgebung), Tennis, Tauchen, Schnorcheln, Bootsausfl\u00fcge,  Wasserparks, Naturparks, Radfahren, Wandern&#8230;..<\/p>\n","protected":false},"excerpt":{"rendered":"<p>Willkommen im &#8222;Palsadiso&#8220;\u00a0\u00a0\u00a0\u00a0\u00a0\u00a0\u00a0\u00a0\u00a0\u00a0\u00a0\u00a0\u00a0\u00a0\u00a0\u00a0\u00a0\u00a0\u00a0\u00a0\u00a0\u00a0\u00a0\u00a0\u00a0\u00a0\u00a0\u00a0\u00a0\u00a0\u00a0\u00a0\u00a0\u00a0\u00a0\u00a0\u00a0\u00a0\u00a0\u00a0\u00a0\u00a0\u00a0\u00a0\u00a0\u00a0\u00a0\u00a0\u00a0\u00a0\u00a0\u00a0\u00a0\u00a0\u00a0\u00a0\u00a0\u00a0\u00a0\u00a0\u00a0\u00a0\u00a0\u00a0\u00a0\u00a0\u00a0\u00a0\u00a0\u00a0\u00a0\u00a0\u00a0\u00a0\u00a0\u00a0\u00a0\u00a0\u00a0\u00a0\u00a0\u00a0\u00a0\u00a0\u00a0\u00a0\u00a0\u00a0\u00a0\u00a0\u00a0\u00a0\u00a0\u00a0\u00a0\u00a0\u00a0 Unser Ferienhaus befindet sich in Pals (Mas Tomasi) an der Costa Brava &#8211; der &#8222;wilden K\u00fcste&#8220; Spaniens, ca. 950 km von der deutsch-schweizerischen Grenze entfernt. Es verf\u00fcgt \u00fcber Wohnzimmer, Esszimmer, K\u00fcche, zwei Schlafzimmer, ein Bad und einen Wintergarten. Der Pool mit integrierter Treppe ist von Terrassen umgeben. Zum Haus geh\u00f6rt eine Garage, an k\u00e4lteren Tagen sorgt die Zentralheizung f\u00fcr W\u00e4rme. Und f\u00fcr hei\u00dfe Tage gibt es eine Klimaanlage.Das Grundst\u00fcck mit einer Gr\u00f6\u00dfe von 1100 m\u00b2 ist komplett umz\u00e4unt. Zum breiten, langen Sandstrand sind es ca. 3 km, Parkm\u00f6glichkeiten&nbsp;sind direkt am Strand vorhanden. Ein Supermarkt f\u00fcr den t\u00e4glichen Bedarf (frische Br\u00f6tchen, Milch, Fleisch, Zeitschriften und Zeitungen, Wein&#8230;.) ist ca. 500 m vom Haus entfernt. Die Umgebung bietet vielerlei Aktivit\u00e4ten: Golf (mehrere Golfpl\u00e4tze in der Umgebung), Tennis, Tauchen, Schnorcheln, Bootsausfl\u00fcge, Wasserparks, Naturparks, Radfahren, Wandern&#8230;..<\/p>\n","protected":false},"author":1,"featured_media":0,"parent":0,"menu_order":0,"comment_status":"closed","ping_status":"closed","template":"","meta":[],"_links":{"self":[{"href":"https:\/\/palsadiso.de\/index.php?rest_route=\/wp\/v2\/pages\/4"}],"collection":[{"href":"https:\/\/palsadiso.de\/index.php?rest_route=\/wp\/v2\/pages"}],"about":[{"href":"https:\/\/palsadiso.de\/index.php?rest_route=\/wp\/v2\/types\/page"}],"author":[{"embeddable":true,"href":"https:\/\/palsadiso.de\/index.php?rest_route=\/wp\/v2\/users\/1"}],"replies":[{"embeddable":true,"href":"https:\/\/palsadiso.de\/index.php?rest_route=%2Fwp%2Fv2%2Fcomments&post=4"}],"version-history":[{"count":17,"href":"https:\/\/palsadiso.de\/index.php?rest_route=\/wp\/v2\/pages\/4\/revisions"}],"predecessor-version":[{"id":549,"href":"https:\/\/palsadiso.de\/index.php?rest_route=\/wp\/v2\/pages\/4\/revisions\/549"}],"wp:attachment":[{"href":"https:\/\/palsadiso.de\/index.php?rest_route=%2Fwp%2Fv2%2Fmedia&parent=4"}],"curies":[{"name":"wp","href":"https:\/\/api.w.org\/{rel}","templated":true}]}}