{"id":84,"date":"2019-05-02T15:40:17","date_gmt":"2019-05-02T15:40:17","guid":{"rendered":"http:\/\/palsadiso.de\/?page_id=84"},"modified":"2021-12-12T15:19:51","modified_gmt":"2021-12-12T15:19:51","slug":"pals","status":"publish","type":"page","link":"https:\/\/palsadiso.de\/?page_id=84","title":{"rendered":"Pals"},"content":{"rendered":"\n<p>Die <em>Vila Vella<\/em>, die Altstadt von Pals, wird von einer  m\u00e4chtigen Stadtmauer aus dem 13. &#8211; 16. Jahrhundert umgeben. Die Altstadt wurde liebevoll restauriert und gleicht jetzt einem mittelalterlichen Freilichtmuseum. Autos sind in den engen, verwinkelten Gassen nicht zugelassen.<\/p>\n\n\n\n<p>Dennoch ist die Altstadt kein lebloses Museum: <br>Die H\u00e4user sind alle bewohnt, kleine Keramikl\u00e4den beleben das Bild und  auch das Rathaus ist hier zu finden. Ein Spaziergang durch die schattigen Gassen ist jederzeit lohnenswert. Oben auf dem H\u00fcgel befindet sich die  <em>Placa Egl\u00e9sia<\/em>, daneben die romanische Kirche <em>Sant Pere<\/em>. Etwas eigenwillig  scheint der gotische Stil der Kirche im Kontrast zum barocken Portal. Der <em>Torre de les Hores<\/em>, der Stundenturm, ist das einzige \u00dcberbleibsel des Castell Mont\u00e9aspero. Sofern ge\u00f6ffnet, kann die herrliche Sicht von oben genossen werden. <\/p>\n\n\n\n<p>Das heutige Zentrum findet man jedoch in der Unterstadt. Hier findet  man nun Alles f\u00fcr das t\u00e4gliche Leben, vom Metzger, \u00fcber den B\u00e4cker,  Friseur, Apotheke, Arzt, Bank usw.<\/p>\n\n\n\n<p>In der Ebene von Pals wird seit Jahrhunderten Reis angebaut. Er \u00e4hnelt etwas dem Arborio-Reis und ist somit besonders f\u00fcr Paella und Gerichte mit So\u00dfe zu empfehlen.<\/p>\n\n\n\n<figure class=\"wp-block-image\"><img decoding=\"async\" loading=\"lazy\" width=\"1024\" height=\"576\" src=\"http:\/\/palsadiso.de\/wp-content\/uploads\/2019\/12\/20190701_184623-1024x576.jpg\" alt=\"\" class=\"wp-image-290\" srcset=\"https:\/\/palsadiso.de\/wp-content\/uploads\/2019\/12\/20190701_184623-1024x576.jpg 1024w, https:\/\/palsadiso.de\/wp-content\/uploads\/2019\/12\/20190701_184623-300x169.jpg 300w, https:\/\/palsadiso.de\/wp-content\/uploads\/2019\/12\/20190701_184623-768x432.jpg 768w, https:\/\/palsadiso.de\/wp-content\/uploads\/2019\/12\/20190701_184623-1140x641.jpg 1140w\" sizes=\"(max-width: 1024px) 100vw, 1024px\" \/><\/figure>\n\n\n\n<figure class=\"wp-block-image\"><img decoding=\"async\" loading=\"lazy\" width=\"1024\" height=\"687\" src=\"http:\/\/palsadiso.de\/wp-content\/uploads\/2019\/12\/DSC_7412-1024x687.jpg\" alt=\"\" class=\"wp-image-355\" srcset=\"https:\/\/palsadiso.de\/wp-content\/uploads\/2019\/12\/DSC_7412-1024x687.jpg 1024w, https:\/\/palsadiso.de\/wp-content\/uploads\/2019\/12\/DSC_7412-300x201.jpg 300w, https:\/\/palsadiso.de\/wp-content\/uploads\/2019\/12\/DSC_7412-768x516.jpg 768w, https:\/\/palsadiso.de\/wp-content\/uploads\/2019\/12\/DSC_7412-1140x765.jpg 1140w\" sizes=\"(max-width: 1024px) 100vw, 1024px\" \/><\/figure>\n\n\n\n<figure class=\"wp-block-image\"><img decoding=\"async\" loading=\"lazy\" width=\"1024\" height=\"687\" src=\"http:\/\/palsadiso.de\/wp-content\/uploads\/2019\/12\/DSC_4370-1024x687.jpg\" alt=\"\" class=\"wp-image-385\" srcset=\"https:\/\/palsadiso.de\/wp-content\/uploads\/2019\/12\/DSC_4370-1024x687.jpg 1024w, https:\/\/palsadiso.de\/wp-content\/uploads\/2019\/12\/DSC_4370-300x201.jpg 300w, https:\/\/palsadiso.de\/wp-content\/uploads\/2019\/12\/DSC_4370-768x516.jpg 768w, https:\/\/palsadiso.de\/wp-content\/uploads\/2019\/12\/DSC_4370-1140x765.jpg 1140w\" sizes=\"(max-width: 1024px) 100vw, 1024px\" \/><\/figure>\n\n\n\n<figure class=\"wp-block-image\"><img decoding=\"async\" loading=\"lazy\" width=\"1024\" height=\"687\" src=\"http:\/\/palsadiso.de\/wp-content\/uploads\/2019\/12\/DSC_1702-1024x687.jpg\" alt=\"\" class=\"wp-image-206\" srcset=\"https:\/\/palsadiso.de\/wp-content\/uploads\/2019\/12\/DSC_1702-1024x687.jpg 1024w, https:\/\/palsadiso.de\/wp-content\/uploads\/2019\/12\/DSC_1702-300x201.jpg 300w, https:\/\/palsadiso.de\/wp-content\/uploads\/2019\/12\/DSC_1702-768x516.jpg 768w, https:\/\/palsadiso.de\/wp-content\/uploads\/2019\/12\/DSC_1702-1140x765.jpg 1140w\" sizes=\"(max-width: 1024px) 100vw, 1024px\" \/><\/figure>\n\n\n\n<figure class=\"wp-block-image\"><img decoding=\"async\" loading=\"lazy\" width=\"1024\" height=\"685\" src=\"http:\/\/palsadiso.de\/wp-content\/uploads\/2019\/12\/DSC_6234-1024x685.jpg\" alt=\"\" class=\"wp-image-207\" srcset=\"https:\/\/palsadiso.de\/wp-content\/uploads\/2019\/12\/DSC_6234-1024x685.jpg 1024w, https:\/\/palsadiso.de\/wp-content\/uploads\/2019\/12\/DSC_6234-300x201.jpg 300w, https:\/\/palsadiso.de\/wp-content\/uploads\/2019\/12\/DSC_6234-768x514.jpg 768w, https:\/\/palsadiso.de\/wp-content\/uploads\/2019\/12\/DSC_6234-1140x763.jpg 1140w\" sizes=\"(max-width: 1024px) 100vw, 1024px\" \/><\/figure>\n\n\n\n<figure class=\"wp-block-image\"><img decoding=\"async\" loading=\"lazy\" width=\"1024\" height=\"576\" src=\"http:\/\/palsadiso.de\/wp-content\/uploads\/2019\/12\/20190901_181709-1024x576.jpg\" alt=\"\" class=\"wp-image-209\" srcset=\"https:\/\/palsadiso.de\/wp-content\/uploads\/2019\/12\/20190901_181709-1024x576.jpg 1024w, https:\/\/palsadiso.de\/wp-content\/uploads\/2019\/12\/20190901_181709-300x169.jpg 300w, https:\/\/palsadiso.de\/wp-content\/uploads\/2019\/12\/20190901_181709-768x432.jpg 768w, https:\/\/palsadiso.de\/wp-content\/uploads\/2019\/12\/20190901_181709-1140x641.jpg 1140w\" sizes=\"(max-width: 1024px) 100vw, 1024px\" \/><\/figure>\n\n\n\n<figure class=\"wp-block-image\"><img decoding=\"async\" loading=\"lazy\" width=\"1024\" height=\"370\" src=\"http:\/\/palsadiso.de\/wp-content\/uploads\/2021\/12\/20200920_182859-1024x370.jpg\" alt=\"\" class=\"wp-image-477\" srcset=\"https:\/\/palsadiso.de\/wp-content\/uploads\/2021\/12\/20200920_182859-1024x370.jpg 1024w, https:\/\/palsadiso.de\/wp-content\/uploads\/2021\/12\/20200920_182859-300x108.jpg 300w, https:\/\/palsadiso.de\/wp-content\/uploads\/2021\/12\/20200920_182859-768x278.jpg 768w, https:\/\/palsadiso.de\/wp-content\/uploads\/2021\/12\/20200920_182859-1140x412.jpg 1140w\" sizes=\"(max-width: 1024px) 100vw, 1024px\" \/><\/figure>\n\n\n\n<figure class=\"wp-block-image\"><img decoding=\"async\" loading=\"lazy\" width=\"1024\" height=\"768\" src=\"http:\/\/palsadiso.de\/wp-content\/uploads\/2021\/12\/20200920_183136-1-1024x768.jpg\" alt=\"\" class=\"wp-image-480\" srcset=\"https:\/\/palsadiso.de\/wp-content\/uploads\/2021\/12\/20200920_183136-1-1024x768.jpg 1024w, https:\/\/palsadiso.de\/wp-content\/uploads\/2021\/12\/20200920_183136-1-300x225.jpg 300w, https:\/\/palsadiso.de\/wp-content\/uploads\/2021\/12\/20200920_183136-1-768x576.jpg 768w, https:\/\/palsadiso.de\/wp-content\/uploads\/2021\/12\/20200920_183136-1-1140x855.jpg 1140w\" sizes=\"(max-width: 1024px) 100vw, 1024px\" \/><\/figure>\n\n\n\n<figure class=\"wp-block-image\"><img decoding=\"async\" loading=\"lazy\" width=\"1024\" height=\"576\" src=\"http:\/\/palsadiso.de\/wp-content\/uploads\/2019\/12\/20190901_183447-1024x576.jpg\" alt=\"\" class=\"wp-image-210\" srcset=\"https:\/\/palsadiso.de\/wp-content\/uploads\/2019\/12\/20190901_183447-1024x576.jpg 1024w, https:\/\/palsadiso.de\/wp-content\/uploads\/2019\/12\/20190901_183447-300x169.jpg 300w, https:\/\/palsadiso.de\/wp-content\/uploads\/2019\/12\/20190901_183447-768x432.jpg 768w, https:\/\/palsadiso.de\/wp-content\/uploads\/2019\/12\/20190901_183447-1140x641.jpg 1140w\" sizes=\"(max-width: 1024px) 100vw, 1024px\" \/><\/figure>\n\n\n\n<figure class=\"wp-block-image\"><img decoding=\"async\" loading=\"lazy\" width=\"1024\" height=\"576\" src=\"http:\/\/palsadiso.de\/wp-content\/uploads\/2019\/12\/20190901_183334-1024x576.jpg\" alt=\"\" class=\"wp-image-217\" srcset=\"https:\/\/palsadiso.de\/wp-content\/uploads\/2019\/12\/20190901_183334-1024x576.jpg 1024w, https:\/\/palsadiso.de\/wp-content\/uploads\/2019\/12\/20190901_183334-300x169.jpg 300w, https:\/\/palsadiso.de\/wp-content\/uploads\/2019\/12\/20190901_183334-768x432.jpg 768w, https:\/\/palsadiso.de\/wp-content\/uploads\/2019\/12\/20190901_183334-1140x641.jpg 1140w\" sizes=\"(max-width: 1024px) 100vw, 1024px\" \/><\/figure>\n\n\n\n<figure class=\"wp-block-image\"><img decoding=\"async\" loading=\"lazy\" width=\"1024\" height=\"768\" src=\"http:\/\/palsadiso.de\/wp-content\/uploads\/2019\/12\/PICT0281-1024x768.jpg\" alt=\"\" class=\"wp-image-212\" srcset=\"https:\/\/palsadiso.de\/wp-content\/uploads\/2019\/12\/PICT0281-1024x768.jpg 1024w, https:\/\/palsadiso.de\/wp-content\/uploads\/2019\/12\/PICT0281-300x225.jpg 300w, https:\/\/palsadiso.de\/wp-content\/uploads\/2019\/12\/PICT0281-768x576.jpg 768w, https:\/\/palsadiso.de\/wp-content\/uploads\/2019\/12\/PICT0281-1140x855.jpg 1140w, https:\/\/palsadiso.de\/wp-content\/uploads\/2019\/12\/PICT0281.jpg 1600w\" sizes=\"(max-width: 1024px) 100vw, 1024px\" \/><\/figure>\n\n\n\n<figure class=\"wp-block-image is-resized\"><img decoding=\"async\" loading=\"lazy\" src=\"http:\/\/palsadiso.de\/wp-content\/uploads\/2019\/12\/PICT0289-e1577180790562-768x1024.jpg\" alt=\"\" class=\"wp-image-213\" width=\"576\" height=\"768\" srcset=\"https:\/\/palsadiso.de\/wp-content\/uploads\/2019\/12\/PICT0289-e1577180790562-768x1024.jpg 768w, https:\/\/palsadiso.de\/wp-content\/uploads\/2019\/12\/PICT0289-e1577180790562-225x300.jpg 225w, https:\/\/palsadiso.de\/wp-content\/uploads\/2019\/12\/PICT0289-e1577180790562-1140x1520.jpg 1140w, https:\/\/palsadiso.de\/wp-content\/uploads\/2019\/12\/PICT0289-e1577180790562.jpg 1200w\" sizes=\"(max-width: 576px) 100vw, 576px\" \/><\/figure>\n\n\n\n<figure class=\"wp-block-image\"><img decoding=\"async\" loading=\"lazy\" width=\"1024\" height=\"768\" src=\"http:\/\/palsadiso.de\/wp-content\/uploads\/2021\/12\/20200920_184308-1024x768.jpg\" alt=\"\" class=\"wp-image-478\" srcset=\"https:\/\/palsadiso.de\/wp-content\/uploads\/2021\/12\/20200920_184308-1024x768.jpg 1024w, https:\/\/palsadiso.de\/wp-content\/uploads\/2021\/12\/20200920_184308-300x225.jpg 300w, https:\/\/palsadiso.de\/wp-content\/uploads\/2021\/12\/20200920_184308-768x576.jpg 768w, https:\/\/palsadiso.de\/wp-content\/uploads\/2021\/12\/20200920_184308-1140x855.jpg 1140w\" sizes=\"(max-width: 1024px) 100vw, 1024px\" \/><\/figure>\n\n\n\n<figure class=\"wp-block-image is-resized\"><img decoding=\"async\" loading=\"lazy\" src=\"http:\/\/palsadiso.de\/wp-content\/uploads\/2019\/12\/DSC_0609-687x1024.jpg\" alt=\"\" class=\"wp-image-214\" width=\"515\" height=\"768\" srcset=\"https:\/\/palsadiso.de\/wp-content\/uploads\/2019\/12\/DSC_0609-687x1024.jpg 687w, https:\/\/palsadiso.de\/wp-content\/uploads\/2019\/12\/DSC_0609-201x300.jpg 201w, https:\/\/palsadiso.de\/wp-content\/uploads\/2019\/12\/DSC_0609-768x1144.jpg 768w, https:\/\/palsadiso.de\/wp-content\/uploads\/2019\/12\/DSC_0609-1140x1698.jpg 1140w, https:\/\/palsadiso.de\/wp-content\/uploads\/2019\/12\/DSC_0609.jpg 1944w\" sizes=\"(max-width: 515px) 100vw, 515px\" \/><\/figure>\n\n\n\n<figure class=\"wp-block-image is-resized\"><img decoding=\"async\" loading=\"lazy\" src=\"http:\/\/palsadiso.de\/wp-content\/uploads\/2019\/12\/DSC_7292-687x1024.jpg\" alt=\"\" class=\"wp-image-216\" width=\"515\" height=\"768\" srcset=\"https:\/\/palsadiso.de\/wp-content\/uploads\/2019\/12\/DSC_7292-687x1024.jpg 687w, https:\/\/palsadiso.de\/wp-content\/uploads\/2019\/12\/DSC_7292-201x300.jpg 201w, https:\/\/palsadiso.de\/wp-content\/uploads\/2019\/12\/DSC_7292-768x1144.jpg 768w, https:\/\/palsadiso.de\/wp-content\/uploads\/2019\/12\/DSC_7292-1140x1698.jpg 1140w, https:\/\/palsadiso.de\/wp-content\/uploads\/2019\/12\/DSC_7292.jpg 1944w\" sizes=\"(max-width: 515px) 100vw, 515px\" \/><\/figure>\n\n\n\n<figure class=\"wp-block-image\"><img decoding=\"async\" loading=\"lazy\" width=\"1024\" height=\"768\" src=\"http:\/\/palsadiso.de\/wp-content\/uploads\/2019\/12\/PICT0304-1024x768.jpg\" alt=\"\" class=\"wp-image-211\" srcset=\"https:\/\/palsadiso.de\/wp-content\/uploads\/2019\/12\/PICT0304-1024x768.jpg 1024w, https:\/\/palsadiso.de\/wp-content\/uploads\/2019\/12\/PICT0304-300x225.jpg 300w, https:\/\/palsadiso.de\/wp-content\/uploads\/2019\/12\/PICT0304-768x576.jpg 768w, https:\/\/palsadiso.de\/wp-content\/uploads\/2019\/12\/PICT0304-1140x855.jpg 1140w, https:\/\/palsadiso.de\/wp-content\/uploads\/2019\/12\/PICT0304.jpg 1600w\" sizes=\"(max-width: 1024px) 100vw, 1024px\" \/><\/figure>\n\n\n\n<figure class=\"wp-block-image\"><img decoding=\"async\" loading=\"lazy\" width=\"1024\" height=\"687\" src=\"http:\/\/palsadiso.de\/wp-content\/uploads\/2019\/12\/DSC_0614-1024x687.jpg\" alt=\"\" class=\"wp-image-208\" srcset=\"https:\/\/palsadiso.de\/wp-content\/uploads\/2019\/12\/DSC_0614-1024x687.jpg 1024w, https:\/\/palsadiso.de\/wp-content\/uploads\/2019\/12\/DSC_0614-300x201.jpg 300w, https:\/\/palsadiso.de\/wp-content\/uploads\/2019\/12\/DSC_0614-768x516.jpg 768w, https:\/\/palsadiso.de\/wp-content\/uploads\/2019\/12\/DSC_0614-1140x765.jpg 1140w\" sizes=\"(max-width: 1024px) 100vw, 1024px\" \/><\/figure>\n\n\n\n<figure class=\"wp-block-image\"><img decoding=\"async\" loading=\"lazy\" width=\"1024\" height=\"768\" src=\"http:\/\/palsadiso.de\/wp-content\/uploads\/2019\/12\/IMG_7063-1024x768.jpg\" alt=\"\" class=\"wp-image-467\" srcset=\"https:\/\/palsadiso.de\/wp-content\/uploads\/2019\/12\/IMG_7063-1024x768.jpg 1024w, https:\/\/palsadiso.de\/wp-content\/uploads\/2019\/12\/IMG_7063-300x225.jpg 300w, https:\/\/palsadiso.de\/wp-content\/uploads\/2019\/12\/IMG_7063-768x576.jpg 768w, https:\/\/palsadiso.de\/wp-content\/uploads\/2019\/12\/IMG_7063-1140x855.jpg 1140w\" sizes=\"(max-width: 1024px) 100vw, 1024px\" \/><\/figure>\n\n\n\n<p><\/p>\n","protected":false},"excerpt":{"rendered":"<p>Die Vila Vella, die Altstadt von Pals, wird von einer m\u00e4chtigen Stadtmauer aus dem 13. &#8211; 16. Jahrhundert umgeben. Die Altstadt wurde liebevoll restauriert und gleicht jetzt einem mittelalterlichen Freilichtmuseum. Autos sind in den engen, verwinkelten Gassen nicht zugelassen. Dennoch ist die Altstadt kein lebloses Museum: Die H\u00e4user sind alle bewohnt, kleine Keramikl\u00e4den beleben das Bild und auch das Rathaus ist hier zu finden. Ein Spaziergang durch die schattigen Gassen ist jederzeit lohnenswert. Oben auf dem H\u00fcgel befindet sich die Placa Egl\u00e9sia, daneben die romanische Kirche Sant Pere. Etwas eigenwillig scheint der gotische Stil der Kirche im Kontrast zum barocken Portal. Der Torre de les Hores, der Stundenturm, ist das einzige \u00dcberbleibsel des Castell Mont\u00e9aspero. Sofern ge\u00f6ffnet, kann die herrliche Sicht von oben genossen werden. Das heutige Zentrum findet man jedoch in der Unterstadt. Hier findet man nun Alles f\u00fcr das t\u00e4gliche Leben, vom Metzger, \u00fcber den B\u00e4cker, Friseur, Apotheke, Arzt, Bank usw. In der Ebene von Pals wird seit Jahrhunderten Reis angebaut. Er \u00e4hnelt etwas dem Arborio-Reis und ist somit besonders f\u00fcr Paella und Gerichte mit So\u00dfe zu empfehlen.<\/p>\n","protected":false},"author":1,"featured_media":0,"parent":0,"menu_order":0,"comment_status":"closed","ping_status":"closed","template":"","meta":[],"_links":{"self":[{"href":"https:\/\/palsadiso.de\/index.php?rest_route=\/wp\/v2\/pages\/84"}],"collection":[{"href":"https:\/\/palsadiso.de\/index.php?rest_route=\/wp\/v2\/pages"}],"about":[{"href":"https:\/\/palsadiso.de\/index.php?rest_route=\/wp\/v2\/types\/page"}],"author":[{"embeddable":true,"href":"https:\/\/palsadiso.de\/index.php?rest_route=\/wp\/v2\/users\/1"}],"replies":[{"embeddable":true,"href":"https:\/\/palsadiso.de\/index.php?rest_route=%2Fwp%2Fv2%2Fcomments&post=84"}],"version-history":[{"count":12,"href":"https:\/\/palsadiso.de\/index.php?rest_route=\/wp\/v2\/pages\/84\/revisions"}],"predecessor-version":[{"id":481,"href":"https:\/\/palsadiso.de\/index.php?rest_route=\/wp\/v2\/pages\/84\/revisions\/481"}],"wp:attachment":[{"href":"https:\/\/palsadiso.de\/index.php?rest_route=%2Fwp%2Fv2%2Fmedia&parent=84"}],"curies":[{"name":"wp","href":"https:\/\/api.w.org\/{rel}","templated":true}]}}